{"id":28931,"date":"2023-10-19T14:36:03","date_gmt":"2023-10-19T12:36:03","guid":{"rendered":"https:\/\/www.inksane.be\/?page_id=28931"},"modified":"2025-02-11T16:37:39","modified_gmt":"2025-02-11T15:37:39","slug":"babbelafspraak-roeselare","status":"publish","type":"page","link":"https:\/\/www.inksane.be\/fr\/babbelafspraak-roeselare\/","title":{"rendered":"chat date Roeselare"},"content":{"rendered":"<div data-elementor-type=\"wp-page\" data-elementor-id=\"28931\" class=\"elementor elementor-28931\" data-elementor-post-type=\"page\">\n\t\t\t\t\t\t<section class=\"elementor-section elementor-top-section elementor-element elementor-element-58acb1b elementor-section-boxed elementor-section-height-default elementor-section-height-default\" data-id=\"58acb1b\" data-element_type=\"section\">\n\t\t\t\t\t\t<div class=\"elementor-container elementor-column-gap-default\">\n\t\t\t\t\t<div class=\"elementor-column elementor-col-50 elementor-top-column elementor-element elementor-element-32520ec\" data-id=\"32520ec\" data-element_type=\"column\">\n\t\t\t<div class=\"elementor-widget-wrap elementor-element-populated\">\n\t\t\t\t\t\t<div class=\"elementor-element elementor-element-492af50 elementor-widget elementor-widget-heading\" data-id=\"492af50\" data-element_type=\"widget\" data-widget_type=\"heading.default\">\n\t\t\t\t<div class=\"elementor-widget-container\">\n\t\t\t\t\t<p class=\"elementor-heading-title elementor-size-large\">Choisissez ici votre rendez-vous de chat \u00e0 Inksane Roeselare :<\/p>\t\t\t\t<\/div>\n\t\t\t\t<\/div>\n\t\t\t\t<div class=\"elementor-element elementor-element-dd80701 elementor-widget elementor-widget-html\" data-id=\"dd80701\" data-element_type=\"widget\" data-widget_type=\"html.default\">\n\t\t\t\t<div class=\"elementor-widget-container\">\n\t\t\t\t\t\n  <iframe width=\"500px\" height=\"800px\" id=\"clagpcz231544fy11963mcubq\">\n  <\/iframe>\n  \t\t\t\t<\/div>\n\t\t\t\t<\/div>\n\t\t\t\t\t<\/div>\n\t\t<\/div>\n\t\t\t\t<div class=\"elementor-column elementor-col-50 elementor-top-column elementor-element elementor-element-4b740fd\" data-id=\"4b740fd\" data-element_type=\"column\">\n\t\t\t<div class=\"elementor-widget-wrap elementor-element-populated\">\n\t\t\t\t\t\t<div class=\"elementor-element elementor-element-de98ae5 elementor-widget elementor-widget-image\" data-id=\"de98ae5\" data-element_type=\"widget\" data-widget_type=\"image.default\">\n\t\t\t\t<div class=\"elementor-widget-container\">\n\t\t\t\t\t\t\t\t\t\t\t\t\t\t\t<img fetchpriority=\"high\" decoding=\"async\" width=\"577\" height=\"1024\" src=\"https:\/\/i0.wp.com\/www.inksane.be\/wp-content\/uploads\/2025\/01\/max.png?fit=577%2C1024&amp;ssl=1\" class=\"attachment-large size-large wp-image-36303\" alt=\"\" srcset=\"https:\/\/i0.wp.com\/www.inksane.be\/wp-content\/uploads\/2025\/01\/max.png?w=700&amp;ssl=1 700w, https:\/\/i0.wp.com\/www.inksane.be\/wp-content\/uploads\/2025\/01\/max.png?resize=169%2C300&amp;ssl=1 169w, https:\/\/i0.wp.com\/www.inksane.be\/wp-content\/uploads\/2025\/01\/max.png?resize=577%2C1024&amp;ssl=1 577w, https:\/\/i0.wp.com\/www.inksane.be\/wp-content\/uploads\/2025\/01\/max.png?resize=7%2C12&amp;ssl=1 7w, https:\/\/i0.wp.com\/www.inksane.be\/wp-content\/uploads\/2025\/01\/max.png?resize=600%2C1065&amp;ssl=1 600w\" sizes=\"(max-width: 577px) 100vw, 577px\" \/>\t\t\t\t\t\t\t\t\t\t\t\t\t\t\t<\/div>\n\t\t\t\t<\/div>\n\t\t\t\t\t<\/div>\n\t\t<\/div>\n\t\t\t\t\t<\/div>\n\t\t<\/section>\n\t\t\t\t<section class=\"elementor-section elementor-top-section elementor-element elementor-element-4aca544 elementor-section-boxed elementor-section-height-default elementor-section-height-default\" data-id=\"4aca544\" data-element_type=\"section\">\n\t\t\t\t\t\t<div class=\"elementor-container elementor-column-gap-default\">\n\t\t\t\t\t<div class=\"elementor-column elementor-col-100 elementor-top-column elementor-element elementor-element-5abb993\" data-id=\"5abb993\" data-element_type=\"column\">\n\t\t\t<div class=\"elementor-widget-wrap\">\n\t\t\t\t\t\t\t<\/div>\n\t\t<\/div>\n\t\t\t\t\t<\/div>\n\t\t<\/section>\n\t\t\t\t<\/div>","protected":false},"excerpt":{"rendered":"<p>Choisissez ici votre rendez-vous de chat \u00e0 Inksane Roeselare :<\/p>","protected":false},"author":1,"featured_media":0,"parent":0,"menu_order":0,"comment_status":"closed","ping_status":"closed","template":"","meta":{"site-sidebar-layout":"no-sidebar","site-content-layout":"page-builder","ast-site-content-layout":"default","site-content-style":"default","site-sidebar-style":"default","ast-global-header-display":"","ast-banner-title-visibility":"","ast-main-header-display":"","ast-hfb-above-header-display":"","ast-hfb-below-header-display":"","ast-hfb-mobile-header-display":"","site-post-title":"disabled","ast-breadcrumbs-content":"","ast-featured-img":"disabled","footer-sml-layout":"","ast-disable-related-posts":"","theme-transparent-header-meta":"","adv-header-id-meta":"","stick-header-meta":"","header-above-stick-meta":"","header-main-stick-meta":"","header-below-stick-meta":"","astra-migrate-meta-layouts":"default","ast-page-background-enabled":"default","ast-page-background-meta":{"desktop":{"background-color":"","background-image":"","background-repeat":"repeat","background-position":"center center","background-size":"auto","background-attachment":"scroll","background-type":"","background-media":"","overlay-type":"","overlay-color":"","overlay-opacity":"","overlay-gradient":""},"tablet":{"background-color":"","background-image":"","background-repeat":"repeat","background-position":"center center","background-size":"auto","background-attachment":"scroll","background-type":"","background-media":"","overlay-type":"","overlay-color":"","overlay-opacity":"","overlay-gradient":""},"mobile":{"background-color":"","background-image":"","background-repeat":"repeat","background-position":"center center","background-size":"auto","background-attachment":"scroll","background-type":"","background-media":"","overlay-type":"","overlay-color":"","overlay-opacity":"","overlay-gradient":""}},"ast-content-background-meta":{"desktop":{"background-color":"var(--ast-global-color-5)","background-image":"","background-repeat":"repeat","background-position":"center center","background-size":"auto","background-attachment":"scroll","background-type":"","background-media":"","overlay-type":"","overlay-color":"","overlay-opacity":"","overlay-gradient":""},"tablet":{"background-color":"var(--ast-global-color-5)","background-image":"","background-repeat":"repeat","background-position":"center center","background-size":"auto","background-attachment":"scroll","background-type":"","background-media":"","overlay-type":"","overlay-color":"","overlay-opacity":"","overlay-gradient":""},"mobile":{"background-color":"var(--ast-global-color-5)","background-image":"","background-repeat":"repeat","background-position":"center center","background-size":"auto","background-attachment":"scroll","background-type":"","background-media":"","overlay-type":"","overlay-color":"","overlay-opacity":"","overlay-gradient":""}},"footnotes":""},"class_list":["post-28931","page","type-page","status-publish","hentry"],"yoast_head":"<!-- This site is optimized with the Yoast SEO Premium plugin v22.2 (Yoast SEO v25.9) - https:\/\/yoast.com\/wordpress\/plugins\/seo\/ -->\n<title>babbelafspraak Roeselare - Inksane Tattoo &amp; piercing<\/title>\n<meta name=\"description\" content=\"tattoo artists inksane\" \/>\n<meta name=\"robots\" content=\"index, follow, max-snippet:-1, max-image-preview:large, max-video-preview:-1\" \/>\n<link rel=\"canonical\" href=\"https:\/\/www.inksane.be\/fr\/babbelafspraak-roeselare\/\" \/>\n<meta property=\"og:locale\" content=\"fr_FR\" \/>\n<meta property=\"og:type\" content=\"article\" \/>\n<meta property=\"og:title\" content=\"babbelafspraak Roeselare\" \/>\n<meta property=\"og:description\" content=\"tattoo artists inksane\" \/>\n<meta property=\"og:url\" content=\"https:\/\/www.inksane.be\/fr\/babbelafspraak-roeselare\/\" \/>\n<meta property=\"og:site_name\" content=\"Inksane Tattoo &amp; piercing\" \/>\n<meta property=\"article:publisher\" content=\"https:\/\/www.facebook.com\/InksaneTattooEnPiercing\" \/>\n<meta property=\"article:modified_time\" content=\"2025-02-11T15:37:39+00:00\" \/>\n<meta property=\"og:image\" content=\"https:\/\/www.inksane.be\/wp-content\/uploads\/2025\/01\/max-577x1024.png\" \/>\n<meta name=\"twitter:card\" content=\"summary_large_image\" \/>\n<script type=\"application\/ld+json\" class=\"yoast-schema-graph\">{\"@context\":\"https:\/\/schema.org\",\"@graph\":[{\"@type\":\"WebPage\",\"@id\":\"https:\/\/www.inksane.be\/babbelafspraak-roeselare\/\",\"url\":\"https:\/\/www.inksane.be\/babbelafspraak-roeselare\/\",\"name\":\"babbelafspraak Roeselare - Inksane Tattoo &amp; piercing\",\"isPartOf\":{\"@id\":\"https:\/\/www.inksane.be\/#website\"},\"primaryImageOfPage\":{\"@id\":\"https:\/\/www.inksane.be\/babbelafspraak-roeselare\/#primaryimage\"},\"image\":{\"@id\":\"https:\/\/www.inksane.be\/babbelafspraak-roeselare\/#primaryimage\"},\"thumbnailUrl\":\"https:\/\/www.inksane.be\/wp-content\/uploads\/2025\/01\/max-577x1024.png\",\"datePublished\":\"2023-10-19T12:36:03+00:00\",\"dateModified\":\"2025-02-11T15:37:39+00:00\",\"description\":\"tattoo artists inksane\",\"breadcrumb\":{\"@id\":\"https:\/\/www.inksane.be\/babbelafspraak-roeselare\/#breadcrumb\"},\"inLanguage\":\"fr-BE\",\"potentialAction\":[{\"@type\":\"ReadAction\",\"target\":[\"https:\/\/www.inksane.be\/babbelafspraak-roeselare\/\"]}]},{\"@type\":\"ImageObject\",\"inLanguage\":\"fr-BE\",\"@id\":\"https:\/\/www.inksane.be\/babbelafspraak-roeselare\/#primaryimage\",\"url\":\"https:\/\/www.inksane.be\/wp-content\/uploads\/2025\/01\/max-577x1024.png\",\"contentUrl\":\"https:\/\/www.inksane.be\/wp-content\/uploads\/2025\/01\/max-577x1024.png\"},{\"@type\":\"BreadcrumbList\",\"@id\":\"https:\/\/www.inksane.be\/babbelafspraak-roeselare\/#breadcrumb\",\"itemListElement\":[{\"@type\":\"ListItem\",\"position\":1,\"name\":\"Home\",\"item\":\"https:\/\/www.inksane.be\/\"},{\"@type\":\"ListItem\",\"position\":2,\"name\":\"babbelafspraak Roeselare\"}]},{\"@type\":\"WebSite\",\"@id\":\"https:\/\/www.inksane.be\/#website\",\"url\":\"https:\/\/www.inksane.be\/\",\"name\":\"Inksane Tattoo &amp; piercing\",\"description\":\"De beste Belgische en internationale tattoo &amp; piercing artists\",\"publisher\":{\"@id\":\"https:\/\/www.inksane.be\/#organization\"},\"potentialAction\":[{\"@type\":\"SearchAction\",\"target\":{\"@type\":\"EntryPoint\",\"urlTemplate\":\"https:\/\/www.inksane.be\/?s={search_term_string}\"},\"query-input\":{\"@type\":\"PropertyValueSpecification\",\"valueRequired\":true,\"valueName\":\"search_term_string\"}}],\"inLanguage\":\"fr-BE\"},{\"@type\":\"Organization\",\"@id\":\"https:\/\/www.inksane.be\/#organization\",\"name\":\"Inksane\",\"url\":\"https:\/\/www.inksane.be\/\",\"logo\":{\"@type\":\"ImageObject\",\"inLanguage\":\"fr-BE\",\"@id\":\"https:\/\/www.inksane.be\/#\/schema\/logo\/image\/\",\"url\":\"https:\/\/i0.wp.com\/inksaneartists.com\/wp-content\/uploads\/2022\/02\/logo-inksane.gif?fit=1310%2C625&ssl=1\",\"contentUrl\":\"https:\/\/i0.wp.com\/inksaneartists.com\/wp-content\/uploads\/2022\/02\/logo-inksane.gif?fit=1310%2C625&ssl=1\",\"width\":1310,\"height\":625,\"caption\":\"Inksane\"},\"image\":{\"@id\":\"https:\/\/www.inksane.be\/#\/schema\/logo\/image\/\"},\"sameAs\":[\"https:\/\/www.facebook.com\/InksaneTattooEnPiercing\",\"https:\/\/www.instagram.com\/inksane_tattoo\/\",\"https:\/\/www.youtube.com\/InksaneTattooStudio\"]}]}<\/script>\n<!-- \/ Yoast SEO Premium plugin. -->","yoast_head_json":{"title":"babbelafspraak Roeselare - Inksane Tattoo &amp; piercing","description":"tatoueurs inksane","robots":{"index":"index","follow":"follow","max-snippet":"max-snippet:-1","max-image-preview":"max-image-preview:large","max-video-preview":"max-video-preview:-1"},"canonical":"https:\/\/www.inksane.be\/fr\/babbelafspraak-roeselare\/","og_locale":"fr_FR","og_type":"article","og_title":"babbelafspraak Roeselare","og_description":"tattoo artists inksane","og_url":"https:\/\/www.inksane.be\/fr\/babbelafspraak-roeselare\/","og_site_name":"Inksane Tattoo &amp; piercing","article_publisher":"https:\/\/www.facebook.com\/InksaneTattooEnPiercing","article_modified_time":"2025-02-11T15:37:39+00:00","og_image":[{"url":"https:\/\/www.inksane.be\/wp-content\/uploads\/2025\/01\/max-577x1024.png","type":"","width":"","height":""}],"twitter_card":"summary_large_image","schema":{"@context":"https:\/\/schema.org","@graph":[{"@type":"WebPage","@id":"https:\/\/www.inksane.be\/babbelafspraak-roeselare\/","url":"https:\/\/www.inksane.be\/babbelafspraak-roeselare\/","name":"babbelafspraak Roeselare - Inksane Tattoo &amp; piercing","isPartOf":{"@id":"https:\/\/www.inksane.be\/#website"},"primaryImageOfPage":{"@id":"https:\/\/www.inksane.be\/babbelafspraak-roeselare\/#primaryimage"},"image":{"@id":"https:\/\/www.inksane.be\/babbelafspraak-roeselare\/#primaryimage"},"thumbnailUrl":"https:\/\/www.inksane.be\/wp-content\/uploads\/2025\/01\/max-577x1024.png","datePublished":"2023-10-19T12:36:03+00:00","dateModified":"2025-02-11T15:37:39+00:00","description":"tatoueurs inksane","breadcrumb":{"@id":"https:\/\/www.inksane.be\/babbelafspraak-roeselare\/#breadcrumb"},"inLanguage":"fr-BE","potentialAction":[{"@type":"ReadAction","target":["https:\/\/www.inksane.be\/babbelafspraak-roeselare\/"]}]},{"@type":"ImageObject","inLanguage":"fr-BE","@id":"https:\/\/www.inksane.be\/babbelafspraak-roeselare\/#primaryimage","url":"https:\/\/www.inksane.be\/wp-content\/uploads\/2025\/01\/max-577x1024.png","contentUrl":"https:\/\/www.inksane.be\/wp-content\/uploads\/2025\/01\/max-577x1024.png"},{"@type":"BreadcrumbList","@id":"https:\/\/www.inksane.be\/babbelafspraak-roeselare\/#breadcrumb","itemListElement":[{"@type":"ListItem","position":1,"name":"Home","item":"https:\/\/www.inksane.be\/"},{"@type":"ListItem","position":2,"name":"babbelafspraak Roeselare"}]},{"@type":"WebSite","@id":"https:\/\/www.inksane.be\/#website","url":"https:\/\/www.inksane.be\/","name":"Inksane Tattoo &amp; piercing","description":"Les meilleurs artistes belges et internationaux de tatouage et de piercing","publisher":{"@id":"https:\/\/www.inksane.be\/#organization"},"potentialAction":[{"@type":"SearchAction","target":{"@type":"EntryPoint","urlTemplate":"https:\/\/www.inksane.be\/?s={search_term_string}"},"query-input":{"@type":"PropertyValueSpecification","valueRequired":true,"valueName":"search_term_string"}}],"inLanguage":"fr-BE"},{"@type":"Organization","@id":"https:\/\/www.inksane.be\/#organization","name":"Inksane","url":"https:\/\/www.inksane.be\/","logo":{"@type":"ImageObject","inLanguage":"fr-BE","@id":"https:\/\/www.inksane.be\/#\/schema\/logo\/image\/","url":"https:\/\/i0.wp.com\/inksaneartists.com\/wp-content\/uploads\/2022\/02\/logo-inksane.gif?fit=1310%2C625&ssl=1","contentUrl":"https:\/\/i0.wp.com\/inksaneartists.com\/wp-content\/uploads\/2022\/02\/logo-inksane.gif?fit=1310%2C625&ssl=1","width":1310,"height":625,"caption":"Inksane"},"image":{"@id":"https:\/\/www.inksane.be\/#\/schema\/logo\/image\/"},"sameAs":["https:\/\/www.facebook.com\/InksaneTattooEnPiercing","https:\/\/www.instagram.com\/inksane_tattoo\/","https:\/\/www.youtube.com\/InksaneTattooStudio"]}]}},"jetpack-related-posts":[{"id":30490,"url":"https:\/\/www.inksane.be\/fr\/babbelafspraak-brussel\/","url_meta":{"origin":28931,"position":0},"title":"chat date Brussels","author":"ID233300_Wordpress","date":"16\/01\/2024","format":false,"excerpt":"Choisissez ici votre rendez-vous de chat chez Inksane Bruxelles :","rel":"","context":"Article similaire","block_context":{"text":"Article similaire","link":""},"img":{"alt_text":"","src":"https:\/\/i0.wp.com\/www.inksane.be\/wp-content\/uploads\/2025\/05\/20250310-franchise-inksanegent-139-scaled-2-683x1024.webp?resize=350%2C200&ssl=1","width":350,"height":200,"srcset":"https:\/\/i0.wp.com\/www.inksane.be\/wp-content\/uploads\/2025\/05\/20250310-franchise-inksanegent-139-scaled-2-683x1024.webp?resize=350%2C200&ssl=1 1x, https:\/\/i0.wp.com\/www.inksane.be\/wp-content\/uploads\/2025\/05\/20250310-franchise-inksanegent-139-scaled-2-683x1024.webp?resize=525%2C300&ssl=1 1.5x"},"classes":[]},{"id":31973,"url":"https:\/\/www.inksane.be\/fr\/babbelafspraak-gent\/","url_meta":{"origin":28931,"position":1},"title":"chat date Ghent","author":"Tom Vansteeland","date":"15\/03\/2024","format":false,"excerpt":"Choisissez ici votre rendez-vous de chat chez Inksane Gand :","rel":"","context":"Article similaire","block_context":{"text":"Article similaire","link":""},"img":{"alt_text":"","src":"https:\/\/i0.wp.com\/www.inksane.be\/wp-content\/uploads\/2025\/05\/20250310-franchise-inksanegent-126-scaled-1-683x1024.webp?resize=350%2C200&ssl=1","width":350,"height":200,"srcset":"https:\/\/i0.wp.com\/www.inksane.be\/wp-content\/uploads\/2025\/05\/20250310-franchise-inksanegent-126-scaled-1-683x1024.webp?resize=350%2C200&ssl=1 1x, https:\/\/i0.wp.com\/www.inksane.be\/wp-content\/uploads\/2025\/05\/20250310-franchise-inksanegent-126-scaled-1-683x1024.webp?resize=525%2C300&ssl=1 1.5x"},"classes":[]},{"id":30498,"url":"https:\/\/www.inksane.be\/fr\/babbelafspraak-st-niklaas\/","url_meta":{"origin":28931,"position":2},"title":"tchat date St-Niklaas","author":"ID233300_Wordpress","date":"16\/01\/2024","format":false,"excerpt":"Choisissez ici votre rendez-vous de chat \u00e0 Inksane Sint-Niklaas","rel":"","context":"Article similaire","block_context":{"text":"Article similaire","link":""},"img":{"alt_text":"","src":"https:\/\/i0.wp.com\/www.inksane.be\/wp-content\/uploads\/2025\/05\/20250310-franchise-inksanegent-128-scaled-1-683x1024.webp?resize=350%2C200&ssl=1","width":350,"height":200,"srcset":"https:\/\/i0.wp.com\/www.inksane.be\/wp-content\/uploads\/2025\/05\/20250310-franchise-inksanegent-128-scaled-1-683x1024.webp?resize=350%2C200&ssl=1 1x, https:\/\/i0.wp.com\/www.inksane.be\/wp-content\/uploads\/2025\/05\/20250310-franchise-inksanegent-128-scaled-1-683x1024.webp?resize=525%2C300&ssl=1 1.5x"},"classes":[]},{"id":34039,"url":"https:\/\/www.inksane.be\/fr\/babbelafspraak-sint-truiden\/","url_meta":{"origin":28931,"position":3},"title":"tchat date Sint-Truiden","author":"Tom Vansteeland","date":"11\/06\/2024","format":false,"excerpt":"Choisissez ici votre rendez-vous de chat \u00e0 Inksane Sint-Truiden","rel":"","context":"Article similaire","block_context":{"text":"Article similaire","link":""},"img":{"alt_text":"","src":"https:\/\/i0.wp.com\/www.inksane.be\/wp-content\/uploads\/2025\/03\/20250310-franchise-inksanegent-137-1-683x1024.jpg?resize=350%2C200&ssl=1","width":350,"height":200,"srcset":"https:\/\/i0.wp.com\/www.inksane.be\/wp-content\/uploads\/2025\/03\/20250310-franchise-inksanegent-137-1-683x1024.jpg?resize=350%2C200&ssl=1 1x, https:\/\/i0.wp.com\/www.inksane.be\/wp-content\/uploads\/2025\/03\/20250310-franchise-inksanegent-137-1-683x1024.jpg?resize=525%2C300&ssl=1 1.5x"},"classes":[]},{"id":29082,"url":"https:\/\/www.inksane.be\/fr\/contact\/","url_meta":{"origin":28931,"position":4},"title":"contactez-nous","author":"ID233300_Wordpress","date":"23\/10\/2023","format":false,"excerpt":"r\u00e9servation num\u00e9rique ? Remplissez notre formulaire et nous traiterons votre demande par e-mail. Rendez-vous num\u00e9rique Visite ? Pour ceux qui ne savent pas encore ce qu'ils veulent et qui pr\u00e9f\u00e8rent nous consulter en personne, prenez votre rendez-vous par chat avec notre r\u00e9ception. Bruxelles rendez-vous chat Gand...","rel":"","context":"Article similaire","block_context":{"text":"Article similaire","link":""},"img":{"alt_text":"","src":"","width":0,"height":0},"classes":[]},{"id":35449,"url":"https:\/\/www.inksane.be\/fr\/qr-code-visitekaartjes\/","url_meta":{"origin":28931,"position":5},"title":"Cartes de visite \u00e0 code Qr","author":"Tom Vansteeland","date":"25\/09\/2024","format":false,"excerpt":"r\u00e9servation num\u00e9rique ? Remplissez notre formulaire et nous traiterons votre demande par e-mail. Rendez-vous num\u00e9rique Visite ? Pour ceux qui ne savent pas encore ce qu'ils veulent et qui pr\u00e9f\u00e8rent nous consulter en personne, prenez votre rendez-vous par chat avec notre r\u00e9ception. Bruxelles rendez-vous chat Gand...","rel":"","context":"Article similaire","block_context":{"text":"Article similaire","link":""},"img":{"alt_text":"","src":"","width":0,"height":0},"classes":[]}],"jetpack_sharing_enabled":true,"_links":{"self":[{"href":"https:\/\/www.inksane.be\/fr\/wp-json\/wp\/v2\/pages\/28931","targetHints":{"allow":["GET"]}}],"collection":[{"href":"https:\/\/www.inksane.be\/fr\/wp-json\/wp\/v2\/pages"}],"about":[{"href":"https:\/\/www.inksane.be\/fr\/wp-json\/wp\/v2\/types\/page"}],"author":[{"embeddable":true,"href":"https:\/\/www.inksane.be\/fr\/wp-json\/wp\/v2\/users\/1"}],"replies":[{"embeddable":true,"href":"https:\/\/www.inksane.be\/fr\/wp-json\/wp\/v2\/comments?post=28931"}],"version-history":[{"count":50,"href":"https:\/\/www.inksane.be\/fr\/wp-json\/wp\/v2\/pages\/28931\/revisions"}],"predecessor-version":[{"id":36524,"href":"https:\/\/www.inksane.be\/fr\/wp-json\/wp\/v2\/pages\/28931\/revisions\/36524"}],"wp:attachment":[{"href":"https:\/\/www.inksane.be\/fr\/wp-json\/wp\/v2\/media?parent=28931"}],"curies":[{"name":"wp","href":"https:\/\/api.w.org\/{rel}","templated":true}]}}